{"id":1094,"date":"2022-04-05T02:18:56","date_gmt":"2022-04-05T02:18:56","guid":{"rendered":"https:\/\/ceny.es\/?page_id=1094"},"modified":"2022-04-21T21:20:51","modified_gmt":"2022-04-21T21:20:51","slug":"contactenos","status":"publish","type":"page","link":"https:\/\/ceny.es\/en\/contactenos\/","title":{"rendered":"CONTACT US"},"content":{"rendered":"<p><strong>Contact Information for CENY<\/strong><\/p>\n\n\n\n<p><strong>ADRESS <\/strong>32 w 92nd Street, New York NY, 10280<\/p>\n\n\n\n<p><strong>EMAIL<\/strong> info@ceny.es  <\/p>\n\n\n\n<p>You can also write to us directly, and we will respond shortly.<\/p>\n\n\n<div class=\"everest-forms\"><div class=\"evf-container default\" id=\"evf-8\"><form id=\"evf-form-8\" class=\"everest-form\" data-formid=\"8\" data-ajax_submission=\"0\" data-keyboard_friendly_form=\"0\" data-form_state_type=\"\" method=\"post\" enctype=\"multipart\/form-data\" action=\"\/en\/wp-json\/wp\/v2\/pages\/1094\" data-trp-original-action=\"\/en\/wp-json\/wp\/v2\/pages\/1094\"><div class=\"evf-field-container\"><input type=\"hidden\" id=\"_wpnonce8\" name=\"_wpnonce8\" value=\"b2b3416a73\" \/><input type=\"hidden\" name=\"_wp_http_referer\" value=\"\/en\/wp-json\/wp\/v2\/pages\/1094\" \/><div class=\"evf-frontend-row\" data-row=\"row_1\" conditional_rules=\"[]\"><div class=\"evf-frontend-grid evf-grid-1\" data-grid=\"grid_1\"><div id=\"evf-8-field_fullname-container\" class=\"evf-field evf-field-text form-row validate-required\" data-required-field-message=\"Este campo es obligatorio.\" data-field-id=\"fullname\"><label class=\"evf-field-label\" for=\"evf-8-field_fullname\"><span class=\"evf-label\">Name<\/span> <abbr class=\"required\" title=\"Required\">*<\/abbr><\/label><input type=\"text\" id=\"evf-8-field_fullname\" class=\"input-text\" name=\"everest_forms[form_fields][fullname]\" required><\/div><div id=\"evf-8-field_email-container\" class=\"evf-field evf-field-email form-row validate-required validate-email\" data-required-field-message=\"Por favor, usa una direcci\u00f3n de correo electr\u00f3nico v\u00e1lida.\" data-field-id=\"email\"><label class=\"evf-field-label\" for=\"evf-8-field_email\"><span class=\"evf-label\">Email<\/span> <abbr class=\"required\" title=\"Required\">*<\/abbr><\/label><input type=\"email\" id=\"evf-8-field_email\" class=\"input-text\" name=\"everest_forms[form_fields][email]\" required><\/div><div id=\"evf-8-field_subject-container\" class=\"evf-field evf-field-text form-row validate-required\" data-required-field-message=\"Este campo es obligatorio.\" data-field-id=\"subject\"><label class=\"evf-field-label\" for=\"evf-8-field_subject\"><span class=\"evf-label\">Subject<\/span> <abbr class=\"required\" title=\"Required\">*<\/abbr><\/label><input type=\"text\" id=\"evf-8-field_subject\" class=\"input-text\" name=\"everest_forms[form_fields][subject]\" required><\/div><div id=\"evf-8-field_message-container\" class=\"evf-field evf-field-textarea form-row\" data-field-id=\"message\"><label class=\"evf-field-label\" for=\"evf-8-field_message\"><span class=\"evf-label\">Message<\/span> <\/label><textarea id=\"evf-8-field_message\" class=\"input-text\" name=\"everest_forms[form_fields][message]\"  ><\/textarea><\/div><\/div><\/div><\/div><div class=\"evf-honeypot-container evf-field-hp\"><label for=\"evf-8-field-hp\" class=\"evf-field-label\">Email<\/label><input type=\"text\" name=\"everest_forms[hp]\" id=\"evf-8-field-hp\" class=\"input-text\"><\/div><div class=\"evf-submit-container\" ><input type=\"hidden\" name=\"everest_forms[id]\" value=\"8\"><input type=\"hidden\" name=\"everest_forms[author]\" value=\"1\"><button type='submit' name='everest_forms[submit]' class='everest-forms-submit-button button evf-submit' id='evf-submit-8' value='evf-submit' data-process-text=\"Processing&hellip;\" conditional_rules='&quot;&quot;' conditional_id='evf-submit-8'  aria-live=\"assertive\">Enviar<\/button><\/div><input type=\"hidden\" name=\"trp-form-language\" value=\"en\"\/><\/form><\/div><!-- .evf-container --><\/div>","protected":false},"excerpt":{"rendered":"<p>Informaci\u00f3n de contacto CENY Direcci\u00f3n: 32 w 92nd Street, New York NY, 10280 Correo electr\u00f3nico: info@ceny.es Tambi\u00e9n puede escribirnos directamente<\/p>","protected":false},"author":1,"featured_media":0,"parent":0,"menu_order":0,"comment_status":"closed","ping_status":"closed","template":"","meta":{"footnotes":""},"class_list":["post-1094","page","type-page","status-publish","hentry"],"yoast_head":"<!-- This site is optimized with the Yoast SEO Premium plugin v19.4 (Yoast SEO v26.9) - https:\/\/yoast.com\/product\/yoast-seo-premium-wordpress\/ -->\n<title>Cont\u00e1ctenos - CENY<\/title>\n<meta name=\"robots\" content=\"index, follow, max-snippet:-1, max-image-preview:large, max-video-preview:-1\" \/>\n<link rel=\"canonical\" href=\"https:\/\/ceny.es\/en\/contactenos\/\" \/>\n<meta property=\"og:locale\" content=\"en_US\" \/>\n<meta property=\"og:type\" content=\"article\" \/>\n<meta property=\"og:title\" content=\"Cont\u00e1ctenos\" \/>\n<meta property=\"og:description\" content=\"Informaci\u00f3n de contacto CENY Direcci\u00f3n: 32 w 92nd Street, New York NY, 10280 Correo electr\u00f3nico: info@ceny.es Tambi\u00e9n puede escribirnos directamente\" \/>\n<meta property=\"og:url\" content=\"https:\/\/ceny.es\/en\/contactenos\/\" \/>\n<meta property=\"og:site_name\" content=\"CENY\" \/>\n<meta property=\"article:publisher\" content=\"https:\/\/www.facebook.com\/CENYinfo\" \/>\n<meta property=\"article:modified_time\" content=\"2022-04-21T21:20:51+00:00\" \/>\n<meta property=\"og:image\" content=\"https:\/\/ceny.es\/wp-content\/uploads\/2022\/04\/cropped-logo-1-1-1.png\" \/>\n\t<meta property=\"og:image:width\" content=\"353\" \/>\n\t<meta property=\"og:image:height\" content=\"117\" \/>\n\t<meta property=\"og:image:type\" content=\"image\/png\" \/>\n<meta name=\"twitter:card\" content=\"summary_large_image\" \/>\n<script type=\"application\/ld+json\" class=\"yoast-schema-graph\">{\"@context\":\"https:\/\/schema.org\",\"@graph\":[{\"@type\":\"WebPage\",\"@id\":\"https:\/\/ceny.es\/contactenos\/\",\"url\":\"https:\/\/ceny.es\/contactenos\/\",\"name\":\"Cont\u00e1ctenos - CENY\",\"isPartOf\":{\"@id\":\"https:\/\/ceny.es\/es_es\/#website\"},\"datePublished\":\"2022-04-05T02:18:56+00:00\",\"dateModified\":\"2022-04-21T21:20:51+00:00\",\"breadcrumb\":{\"@id\":\"https:\/\/ceny.es\/contactenos\/#breadcrumb\"},\"inLanguage\":\"en-US\",\"potentialAction\":[{\"@type\":\"ReadAction\",\"target\":[\"https:\/\/ceny.es\/contactenos\/\"]}]},{\"@type\":\"BreadcrumbList\",\"@id\":\"https:\/\/ceny.es\/contactenos\/#breadcrumb\",\"itemListElement\":[{\"@type\":\"ListItem\",\"position\":1,\"name\":\"Portada\",\"item\":\"https:\/\/ceny.es\/es_es\/\"},{\"@type\":\"ListItem\",\"position\":2,\"name\":\"Cont\u00e1ctenos\"}]},{\"@type\":\"WebSite\",\"@id\":\"https:\/\/ceny.es\/es_es\/#website\",\"url\":\"https:\/\/ceny.es\/es_es\/\",\"name\":\"CENY\",\"description\":\"Centro Educativo Espa\u00f1ol\",\"publisher\":{\"@id\":\"https:\/\/ceny.es\/es_es\/#organization\"},\"potentialAction\":[{\"@type\":\"SearchAction\",\"target\":{\"@type\":\"EntryPoint\",\"urlTemplate\":\"https:\/\/ceny.es\/es_es\/?s={search_term_string}\"},\"query-input\":{\"@type\":\"PropertyValueSpecification\",\"valueRequired\":true,\"valueName\":\"search_term_string\"}}],\"inLanguage\":\"en-US\"},{\"@type\":\"Organization\",\"@id\":\"https:\/\/ceny.es\/es_es\/#organization\",\"name\":\"CENY\",\"url\":\"https:\/\/ceny.es\/es_es\/\",\"logo\":{\"@type\":\"ImageObject\",\"inLanguage\":\"en-US\",\"@id\":\"https:\/\/ceny.es\/es_es\/#\/schema\/logo\/image\/\",\"url\":\"https:\/\/ceny.es\/wp-content\/uploads\/2022\/04\/cropped-cropped-logo-1-1-1.png\",\"contentUrl\":\"https:\/\/ceny.es\/wp-content\/uploads\/2022\/04\/cropped-cropped-logo-1-1-1.png\",\"width\":339,\"height\":117,\"caption\":\"CENY\"},\"image\":{\"@id\":\"https:\/\/ceny.es\/es_es\/#\/schema\/logo\/image\/\"},\"sameAs\":[\"https:\/\/www.facebook.com\/CENYinfo\",\"https:\/\/www.instagram.com\/cenyinfo\/\"]}]}<\/script>\n<!-- \/ Yoast SEO Premium plugin. -->","yoast_head_json":{"title":"Cont\u00e1ctenos - CENY","robots":{"index":"index","follow":"follow","max-snippet":"max-snippet:-1","max-image-preview":"max-image-preview:large","max-video-preview":"max-video-preview:-1"},"canonical":"https:\/\/ceny.es\/en\/contactenos\/","og_locale":"en_US","og_type":"article","og_title":"Cont\u00e1ctenos","og_description":"Informaci\u00f3n de contacto CENY Direcci\u00f3n: 32 w 92nd Street, New York NY, 10280 Correo electr\u00f3nico: info@ceny.es Tambi\u00e9n puede escribirnos directamente","og_url":"https:\/\/ceny.es\/en\/contactenos\/","og_site_name":"CENY","article_publisher":"https:\/\/www.facebook.com\/CENYinfo","article_modified_time":"2022-04-21T21:20:51+00:00","og_image":[{"width":353,"height":117,"url":"https:\/\/ceny.es\/wp-content\/uploads\/2022\/04\/cropped-logo-1-1-1.png","type":"image\/png"}],"twitter_card":"summary_large_image","schema":{"@context":"https:\/\/schema.org","@graph":[{"@type":"WebPage","@id":"https:\/\/ceny.es\/contactenos\/","url":"https:\/\/ceny.es\/contactenos\/","name":"Cont\u00e1ctenos - CENY","isPartOf":{"@id":"https:\/\/ceny.es\/es_es\/#website"},"datePublished":"2022-04-05T02:18:56+00:00","dateModified":"2022-04-21T21:20:51+00:00","breadcrumb":{"@id":"https:\/\/ceny.es\/contactenos\/#breadcrumb"},"inLanguage":"en-US","potentialAction":[{"@type":"ReadAction","target":["https:\/\/ceny.es\/contactenos\/"]}]},{"@type":"BreadcrumbList","@id":"https:\/\/ceny.es\/contactenos\/#breadcrumb","itemListElement":[{"@type":"ListItem","position":1,"name":"Portada","item":"https:\/\/ceny.es\/es_es\/"},{"@type":"ListItem","position":2,"name":"Cont\u00e1ctenos"}]},{"@type":"WebSite","@id":"https:\/\/ceny.es\/es_es\/#website","url":"https:\/\/ceny.es\/es_es\/","name":"CENY","description":"Centro Educativo Espa\u00f1ol","publisher":{"@id":"https:\/\/ceny.es\/es_es\/#organization"},"potentialAction":[{"@type":"SearchAction","target":{"@type":"EntryPoint","urlTemplate":"https:\/\/ceny.es\/es_es\/?s={search_term_string}"},"query-input":{"@type":"PropertyValueSpecification","valueRequired":true,"valueName":"search_term_string"}}],"inLanguage":"en-US"},{"@type":"Organization","@id":"https:\/\/ceny.es\/es_es\/#organization","name":"CENY","url":"https:\/\/ceny.es\/es_es\/","logo":{"@type":"ImageObject","inLanguage":"en-US","@id":"https:\/\/ceny.es\/es_es\/#\/schema\/logo\/image\/","url":"https:\/\/ceny.es\/wp-content\/uploads\/2022\/04\/cropped-cropped-logo-1-1-1.png","contentUrl":"https:\/\/ceny.es\/wp-content\/uploads\/2022\/04\/cropped-cropped-logo-1-1-1.png","width":339,"height":117,"caption":"CENY"},"image":{"@id":"https:\/\/ceny.es\/es_es\/#\/schema\/logo\/image\/"},"sameAs":["https:\/\/www.facebook.com\/CENYinfo","https:\/\/www.instagram.com\/cenyinfo\/"]}]}},"_links":{"self":[{"href":"https:\/\/ceny.es\/en\/wp-json\/wp\/v2\/pages\/1094","targetHints":{"allow":["GET"]}}],"collection":[{"href":"https:\/\/ceny.es\/en\/wp-json\/wp\/v2\/pages"}],"about":[{"href":"https:\/\/ceny.es\/en\/wp-json\/wp\/v2\/types\/page"}],"author":[{"embeddable":true,"href":"https:\/\/ceny.es\/en\/wp-json\/wp\/v2\/users\/1"}],"replies":[{"embeddable":true,"href":"https:\/\/ceny.es\/en\/wp-json\/wp\/v2\/comments?post=1094"}],"version-history":[{"count":3,"href":"https:\/\/ceny.es\/en\/wp-json\/wp\/v2\/pages\/1094\/revisions"}],"predecessor-version":[{"id":1800,"href":"https:\/\/ceny.es\/en\/wp-json\/wp\/v2\/pages\/1094\/revisions\/1800"}],"wp:attachment":[{"href":"https:\/\/ceny.es\/en\/wp-json\/wp\/v2\/media?parent=1094"}],"curies":[{"name":"wp","href":"https:\/\/api.w.org\/{rel}","templated":true}]}}